{"id":1113,"date":"2023-10-18T15:12:54","date_gmt":"2023-10-18T13:12:54","guid":{"rendered":"https:\/\/scandishstudio.se\/?page_id=1113"},"modified":"2023-10-21T18:03:49","modified_gmt":"2023-10-21T16:03:49","slug":"privacy-policy-2","status":"publish","type":"page","link":"https:\/\/scandishstudio.se\/index.php\/sv\/privacy-policy-2\/","title":{"rendered":"Privacy policy"},"content":{"rendered":"\t\t<div data-elementor-type=\"wp-page\" data-elementor-id=\"1113\" class=\"elementor elementor-1113\" data-elementor-post-type=\"page\">\n\t\t\t\t<div class=\"elementor-element elementor-element-62a23913 e-flex e-con-boxed e-con e-parent\" data-id=\"62a23913\" data-element_type=\"container\" data-e-type=\"container\">\n\t\t\t\t\t<div class=\"e-con-inner\">\n\t\t\t\t<div class=\"elementor-element elementor-element-6bfe9c24 elementor-widget elementor-widget-text-editor\" data-id=\"6bfe9c24\" data-element_type=\"widget\" data-e-type=\"widget\" data-widget_type=\"text-editor.default\">\n\t\t\t\t<div class=\"elementor-widget-container\">\n\t\t\t\t\t\t\t\t\t<br><p><strong>Integritetspolicy<\/strong> <br \/>Senast uppdaterad den 26-Sep-2023 <br \/>Effektivt datum 26-Sep-2023 <br \/><br \/>Denna integritetspolicy beskriver policyn f\u00f6r Scandish Bygg &amp;amp; Bo AB, Sandviksgatan 2, Kronoberg 36542, Sverige, e-post: Ilonavesters@scandishbyggochbo.se, telefon: 0723638296, om insamling, anv\u00e4ndning och avsl\u00f6jande av din information som vi samlar in n\u00e4r du anv\u00e4nder v\u00e5r webbplats (scandishstudio.se). (tj\u00e4nsten). Genom att f\u00e5 tillg\u00e5ng till eller anv\u00e4nda tj\u00e4nsten samtycker du till insamling, anv\u00e4ndning och avsl\u00f6jande av din information enligt denna integritetspolicy. Om du inte samtycker till samma, v\u00e4nligen inte f\u00e5 tillg\u00e5ng till eller anv\u00e4nda tj\u00e4nsten. <br \/>Vi kan \u00e4ndra denna integritetspolicy n\u00e4r som helst utan f\u00f6reg\u00e5ende meddelande till dig och kommer att publicera den reviderade integritetspolicyn p\u00e5 tj\u00e4nsten. Den reviderade policyn kommer att vara effektiv 180 dagar efter att den reviderade policyn har publicerats i tj\u00e4nsten och din fortsatta \u00e5tkomst eller anv\u00e4ndning av tj\u00e4nsten efter s\u00e5dan tidpunkt kommer att utg\u00f6ra ditt godk\u00e4nnande av den reviderade integritetspolicyn. Vi rekommenderar d\u00e4rf\u00f6r att du periodiskt granskar denna sida. <br \/><br \/><strong>Information vi samlar in:<\/strong> <br \/>Vi kommer att samla in och bearbeta f\u00f6ljande personuppgifter om dig: <br \/><br \/>Namn<br \/>E-post<br \/>Mobil<br \/>Sociala medieprofiler<br \/>F\u00f6delsedatum<br \/>Adress<br \/>Arbetsadress<br \/>Betalningsinformation<br \/>K\u00f6n<br \/><br \/><strong>Hur vi samlar in din information:<\/strong> <br \/>Vi samlar in och tar emot information om dig p\u00e5 f\u00f6ljande s\u00e4tt: <br \/><br \/>N\u00e4r en anv\u00e4ndare fyller i registreringsformul\u00e4ret eller p\u00e5 annat s\u00e4tt l\u00e4mnar personlig information<br \/>Interagerar med webbplatsen<br \/>Fr\u00e5n allm\u00e4nna k\u00e4llor<br \/><br \/><strong>Hur vi anv\u00e4nder din information:<\/strong> <br \/>Vi kommer att anv\u00e4nda den information vi samlar in om dig f\u00f6r f\u00f6ljande \u00e4ndam\u00e5l: <br \/><br \/>Marknadsf\u00f6ring \/ Kampanjer<br \/>Skapa anv\u00e4ndarkonto<br \/>Testimonials<br \/>Insamling av kundfeedback<br \/>Till\u00e4mpa T&amp;C<br \/>Behandling av betalning<br \/>Support<br \/>Administrativ information<br \/>Riktad annons<br \/>Hantera kundordrar<br \/>Sidskydd<br \/>Anv\u00e4ndare-till-anv\u00e4ndarkommentarer<br \/>Tvistl\u00f6sning<br \/>Hantera anv\u00e4ndarkonto<br \/>Om vi vill anv\u00e4nda din information f\u00f6r n\u00e5got annat syfte, kommer vi att be om ditt samtycke och anv\u00e4nda din information endast efter att ha mottagit ditt samtycke och sedan bara f\u00f6r de syften f\u00f6r vilka samtycke gavs, om vi inte \u00e4r skyldiga att g\u00f6ra annorlunda enligt lag. <br \/><br \/><strong>Hur vi delar din information:<\/strong> <br \/>Vi kommer inte \u00f6verf\u00f6ra dina personuppgifter till tredje part utan att inh\u00e4mta ditt medgivande, f\u00f6rutom i begr\u00e4nsade omst\u00e4ndigheter som beskrivs nedan: <br \/><br \/>Annonsplattform<br \/>Sponsorer<br \/>Marknadsf\u00f6ringsbyr\u00e5er<br \/>Juridiska enheter<br \/>Analysera statistik<br \/>Betalnings\u00e5terst\u00e4llningstj\u00e4nster<br \/>Datainsamling och process<br \/>Vi kr\u00e4ver att s\u00e5dana tredje parter anv\u00e4nder den personliga information vi \u00f6verf\u00f6r till dem endast f\u00f6r det \u00e4ndam\u00e5l f\u00f6r vilket den \u00f6verf\u00f6rdes och inte att beh\u00e5lla den l\u00e4ngre \u00e4n vad som kr\u00e4vs f\u00f6r att uppfylla det angivna \u00e4ndam\u00e5let. Vi kan ocks\u00e5 l\u00e4mna ut din personliga information f\u00f6r f\u00f6ljande \u00e4ndam\u00e5l: (1) f\u00f6r att f\u00f6lja till\u00e4mplig lag, f\u00f6rordning, domstolsbeslut eller annan r\u00e4ttslig process; (2) att till\u00e4mpa dina avtal med oss, inklusive denna integritetspolicy; eller (3) f\u00f6r att svara p\u00e5 p\u00e5st\u00e5enden att din anv\u00e4ndning av tj\u00e4nsten kr\u00e4nker n\u00e5gons tredje parts r\u00e4ttigheter. Om tj\u00e4nsten eller v\u00e5rt f\u00f6retag fusioneras eller f\u00f6rv\u00e4rvs av ett annat f\u00f6retag, kommer din information att vara en av tillg\u00e5ngarna som \u00f6verf\u00f6rs till den nya \u00e4garen. <br \/><br \/><strong>Beh\u00e5llning av din information:<\/strong> <br \/>Vi kommer att beh\u00e5lla dina personuppgifter hos oss i 90 dagar till 2 \u00e5r efter att anv\u00e4ndare avslutar sina konton eller s\u00e5 l\u00e4nge som vi beh\u00f6ver den f\u00f6r att uppfylla \u00e4ndam\u00e5len med vilka den samlades in enligt denna integritetspolicy. Vi kan beh\u00f6va beh\u00e5lla viss information under l\u00e4ngre perioder som r\u00e4kenskapsf\u00f6ring \/ rapportering enligt till\u00e4mplig lag eller av andra legitima sk\u00e4l som r\u00e4ttshandh\u00e5llning, f\u00f6rebyggande av bedr\u00e4gerier, etc. Resterande anonym information och aggregerad information, som inte identifierar dig (direkt eller indirekt), kan lagra obegr\u00e4nsat. <br \/><br \/><strong>Dina r\u00e4ttigheter:<\/strong> <br \/>Beroende p\u00e5 den till\u00e4mpliga lagen kan du ha r\u00e4tt att f\u00e5 tillg\u00e5ng till och r\u00e4tta eller radera dina personuppgifter eller f\u00e5 en kopia av dina personuppgifter, begr\u00e4nsa eller inv\u00e4nda mot aktiv bearbetning av dina data, be oss att dela (\u00f6verf\u00f6ra) din personliga information till en annan enhet, dra tillbaka samtycke som du har gett oss att behandla dina data, en r\u00e4tt att l\u00e4mna in klagom\u00e5l till en myndighet och andra r\u00e4ttigheter som kan vara relevanta enligt till\u00e4mpliga lagar. F\u00f6r att ut\u00f6va dessa r\u00e4ttigheter kan du skriva till oss p\u00e5 Ilonavesters@scandishbyggochbo.se. Vi kommer att svara p\u00e5 din beg\u00e4ran i enlighet med till\u00e4mplig lag. <br \/>Observera att om du inte till\u00e5ter oss att samla in eller bearbeta den n\u00f6dv\u00e4ndiga personliga informationen eller dra tillbaka samtycket att behandla samma information f\u00f6r de n\u00f6dv\u00e4ndiga \u00e4ndam\u00e5len, kan du inte ha tillg\u00e5ng till eller anv\u00e4nda de tj\u00e4nster f\u00f6r vilka din information efterfr\u00e5gats. <br \/><br \/><strong>Cookies mm.<\/strong> <br \/>F\u00f6r att l\u00e4ra dig mer om hur vi anv\u00e4nder dessa och dina val i f\u00f6rh\u00e5llande till dessa sp\u00e5rningstekniker, v\u00e4nligen h\u00e4nvisa till v\u00e5r Kakapolicy. <br \/><br \/><strong>S\u00e4kerhet:<\/strong> <br \/>S\u00e4kerheten av din information \u00e4r viktig f\u00f6r oss och vi kommer att anv\u00e4nda rimliga s\u00e4kerhets\u00e5tg\u00e4rder f\u00f6r att f\u00f6rhindra f\u00f6rlust, missbruk eller obeh\u00f6rig \u00e4ndring av din information under v\u00e5r kontroll. Men med tanke p\u00e5 de inhemska riskerna kan vi inte garantera absolut s\u00e4kerhet och d\u00e4rf\u00f6r kan vi inte s\u00e4kerst\u00e4lla eller garantera s\u00e4kerheten f\u00f6r n\u00e5gon information du \u00f6verf\u00f6r till oss och du g\u00f6r det p\u00e5 egen risk. <br \/><br \/><strong>Tredjeparts l\u00e4nkar och anv\u00e4ndning av din information:<\/strong> <br \/>V\u00e5r tj\u00e4nst kan inneh\u00e5lla l\u00e4nkar till andra webbplatser som inte drivs av oss. Denna integritetspolicy behandlar inte integritetspolicyn och andra praxis f\u00f6r n\u00e5gra tredje parter, inklusive n\u00e5gon tredje part som driver n\u00e5gon webbplats eller tj\u00e4nst som kan vara tillg\u00e4nglig via en l\u00e4nk p\u00e5 tj\u00e4nsten. Vi rekommenderar starkt att du granskar integritetspolicyn f\u00f6r varje webbplats du bes\u00f6ker. Vi har ingen kontroll \u00f6ver och tar inget ansvar f\u00f6r inneh\u00e5llet, integritetspolicyn eller praxis hos n\u00e5gon tredje parts webbplats eller tj\u00e4nst. <br \/><br \/><strong>Klagom\u00e5l \/ Dataskyddsombud:<\/strong> <br \/>Om du har n\u00e5gra fr\u00e5gor eller bekymmer om behandlingen av din information som \u00e4r tillg\u00e4nglig hos oss, kan du e-posta v\u00e5r klagom\u00e5lshanterare p\u00e5 Scandish Bygg &amp;amp; Bo AB, Sandviksgatan 2, e-post: Ilonavesters@scandishbyggochbo.se. Vi kommer att behandla dina bekymmer i enlighet med till\u00e4mplig lag.<\/p><br>\t\t\t\t\t\t\t\t<\/div>\n\t\t\t\t<\/div>\n\t\t\t\t\t<\/div>\n\t\t\t\t<\/div>\n\t\t\t\t<\/div>\n\t\t","protected":false},"excerpt":{"rendered":"<p>Integritetspolicy Senast uppdaterad den 26-Sep-2023 Effektivt datum 26-Sep-2023 Denna integritetspolicy beskriver policyn f\u00f6r Scandish Bygg &amp;amp; Bo AB, Sandviksgatan 2, Kronoberg 36542, Sverige, e-post: Ilonavesters@scandishbyggochbo.se, telefon: 0723638296, om insamling, anv\u00e4ndning och avsl\u00f6jande av din information som vi samlar in n\u00e4r du anv\u00e4nder v\u00e5r webbplats (scandishstudio.se). (tj\u00e4nsten). Genom att f\u00e5 tillg\u00e5ng till eller anv\u00e4nda tj\u00e4nsten samtycker&hellip; <a class=\"more-link\" href=\"https:\/\/scandishstudio.se\/index.php\/sv\/privacy-policy-2\/\">Continue reading <span class=\"screen-reader-text\">Privacy policy<\/span><\/a><\/p>\n","protected":false},"author":1,"featured_media":0,"parent":0,"menu_order":0,"comment_status":"closed","ping_status":"closed","template":"","meta":{"footnotes":""},"class_list":["post-1113","page","type-page","status-publish","hentry","entry"],"_links":{"self":[{"href":"https:\/\/scandishstudio.se\/index.php\/wp-json\/wp\/v2\/pages\/1113"}],"collection":[{"href":"https:\/\/scandishstudio.se\/index.php\/wp-json\/wp\/v2\/pages"}],"about":[{"href":"https:\/\/scandishstudio.se\/index.php\/wp-json\/wp\/v2\/types\/page"}],"author":[{"embeddable":true,"href":"https:\/\/scandishstudio.se\/index.php\/wp-json\/wp\/v2\/users\/1"}],"replies":[{"embeddable":true,"href":"https:\/\/scandishstudio.se\/index.php\/wp-json\/wp\/v2\/comments?post=1113"}],"version-history":[{"count":4,"href":"https:\/\/scandishstudio.se\/index.php\/wp-json\/wp\/v2\/pages\/1113\/revisions"}],"predecessor-version":[{"id":1117,"href":"https:\/\/scandishstudio.se\/index.php\/wp-json\/wp\/v2\/pages\/1113\/revisions\/1117"}],"wp:attachment":[{"href":"https:\/\/scandishstudio.se\/index.php\/wp-json\/wp\/v2\/media?parent=1113"}],"curies":[{"name":"wp","href":"https:\/\/api.w.org\/{rel}","templated":true}]}}