{"id":1108,"date":"2023-10-18T14:50:04","date_gmt":"2023-10-18T12:50:04","guid":{"rendered":"https:\/\/scandishstudio.se\/?page_id=1108"},"modified":"2023-10-21T18:03:32","modified_gmt":"2023-10-21T16:03:32","slug":"min-stil","status":"publish","type":"page","link":"https:\/\/scandishstudio.se\/index.php\/sv\/min-stil\/","title":{"rendered":"Min stil"},"content":{"rendered":"\t\t<div data-elementor-type=\"wp-page\" data-elementor-id=\"1108\" class=\"elementor elementor-1108\" data-elementor-post-type=\"page\">\n\t\t\t\t\t\t<section class=\"elementor-section elementor-top-section elementor-element elementor-element-4f46c22a elementor-section-full_width elementor-section-height-default elementor-section-height-default\" data-id=\"4f46c22a\" data-element_type=\"section\" data-e-type=\"section\" data-settings=\"{&quot;background_background&quot;:&quot;classic&quot;}\">\n\t\t\t\t\t\t\t<div class=\"elementor-background-overlay\"><\/div>\n\t\t\t\t\t\t\t<div class=\"elementor-container elementor-column-gap-no\">\n\t\t\t\t\t<div class=\"elementor-column elementor-col-100 elementor-top-column elementor-element elementor-element-6c013ca6\" data-id=\"6c013ca6\" data-element_type=\"column\" data-e-type=\"column\">\n\t\t\t<div class=\"elementor-widget-wrap elementor-element-populated\">\n\t\t\t\t\t\t<div class=\"elementor-element elementor-element-5af728da elementor-widget elementor-widget-template\" data-id=\"5af728da\" data-element_type=\"widget\" data-e-type=\"widget\" data-widget_type=\"template.default\">\n\t\t\t\t<div class=\"elementor-widget-container\">\n\t\t\t\t\t\t\t<div class=\"elementor-template\">\n\t\t\t\t\t<div data-elementor-type=\"section\" data-elementor-id=\"65\" class=\"elementor elementor-65\" data-elementor-post-type=\"elementor_library\">\n\t\t\t\t\t<section class=\"elementor-section elementor-top-section elementor-element elementor-element-610c7fb6 elementor-section-height-min-height elementor-section-items-top elementor-section-boxed elementor-section-height-default\" data-id=\"610c7fb6\" data-element_type=\"section\" data-e-type=\"section\" data-settings=\"{&quot;background_background&quot;:&quot;classic&quot;}\">\n\t\t\t\t\t\t<div class=\"elementor-container elementor-column-gap-wider\">\n\t\t\t\t\t<div class=\"elementor-column elementor-col-100 elementor-top-column elementor-element elementor-element-4a98410a\" data-id=\"4a98410a\" data-element_type=\"column\" data-e-type=\"column\">\n\t\t\t<div class=\"elementor-widget-wrap elementor-element-populated\">\n\t\t\t\t\t\t<div class=\"elementor-element elementor-element-3b659411 elementor-view-default elementor-widget elementor-widget-icon\" data-id=\"3b659411\" data-element_type=\"widget\" data-e-type=\"widget\" data-widget_type=\"icon.default\">\n\t\t\t\t<div class=\"elementor-widget-container\">\n\t\t\t\t\t\t\t<div class=\"elementor-icon-wrapper\">\n\t\t\t<a class=\"elementor-icon\" href=\"#down\">\n\t\t\t<svg xmlns=\"http:\/\/www.w3.org\/2000\/svg\" xmlns:xlink=\"http:\/\/www.w3.org\/1999\/xlink\" xmlns:serif=\"http:\/\/www.serif.com\/\" width=\"100%\" height=\"100%\" viewBox=\"0 0 14 8\" xml:space=\"preserve\" style=\"fill-rule:evenodd;clip-rule:evenodd;stroke-linejoin:round;stroke-miterlimit:2;\">    <g transform=\"matrix(1,0,0,1,-39,-15)\">        <g>            <path d=\"M39.646,16.354L45.646,22.354C45.842,22.549 46.158,22.549 46.354,22.354L52.354,16.354C52.549,16.158 52.549,15.842 52.354,15.646C52.158,15.451 51.842,15.451 51.646,15.646L46,21.293C46,21.293 40.354,15.646 40.354,15.646C40.158,15.451 39.842,15.451 39.646,15.646C39.451,15.842 39.451,16.158 39.646,16.354Z\"><\/path>        <\/g>    <\/g><\/svg>\t\t\t<\/a>\n\t\t<\/div>\n\t\t\t\t\t\t<\/div>\n\t\t\t\t<\/div>\n\t\t\t\t<div class=\"elementor-element elementor-element-67095f49 elementor-fixed elementor-widget elementor-widget-menu-anchor\" data-id=\"67095f49\" data-element_type=\"widget\" data-e-type=\"widget\" data-settings=\"{&quot;_position&quot;:&quot;fixed&quot;}\" data-widget_type=\"menu-anchor.default\">\n\t\t\t\t<div class=\"elementor-widget-container\">\n\t\t\t\t\t\t\t<div class=\"elementor-menu-anchor\" id=\"down\"><\/div>\n\t\t\t\t\t\t<\/div>\n\t\t\t\t<\/div>\n\t\t\t\t\t<\/div>\n\t\t<\/div>\n\t\t\t\t\t<\/div>\n\t\t<\/section>\n\t\t<div class=\"elementor-element elementor-element-07655d8 e-flex e-con-boxed e-con e-parent\" data-id=\"07655d8\" data-element_type=\"container\" data-e-type=\"container\">\n\t\t\t\t\t<div class=\"e-con-inner\">\n\t\t\t\t\t<\/div>\n\t\t\t\t<\/div>\n\t\t<div class=\"elementor-element elementor-element-3569a25 e-flex e-con-boxed e-con e-parent\" data-id=\"3569a25\" data-element_type=\"container\" data-e-type=\"container\">\n\t\t\t\t\t<div class=\"e-con-inner\">\n\t\t\t\t\t<\/div>\n\t\t\t\t<\/div>\n\t\t\t\t<\/div>\n\t\t\t\t<\/div>\n\t\t\t\t\t\t<\/div>\n\t\t\t\t<\/div>\n\t\t\t\t\t<\/div>\n\t\t<\/div>\n\t\t\t\t\t<\/div>\n\t\t<\/section>\n\t\t\t\t<section class=\"elementor-section elementor-top-section elementor-element elementor-element-50a5cbd elementor-section-full_width elementor-section-height-default elementor-section-height-default\" data-id=\"50a5cbd\" data-element_type=\"section\" data-e-type=\"section\">\n\t\t\t\t\t\t<div class=\"elementor-container elementor-column-gap-no\">\n\t\t\t\t\t<div class=\"elementor-column elementor-col-50 elementor-top-column elementor-element elementor-element-65a5da7\" data-id=\"65a5da7\" data-element_type=\"column\" data-e-type=\"column\">\n\t\t\t<div class=\"elementor-widget-wrap elementor-element-populated\">\n\t\t\t\t\t\t<div class=\"elementor-element elementor-element-0cd7e47 elementor-cta--skin-cover elementor-cta--valign-bottom elementor-widget__width-initial elementor-animated-content elementor-bg-transform elementor-bg-transform-zoom-in elementor-widget elementor-widget-call-to-action\" data-id=\"0cd7e47\" data-element_type=\"widget\" data-e-type=\"widget\" data-widget_type=\"call-to-action.default\">\n\t\t\t\t<div class=\"elementor-widget-container\">\n\t\t\t\t\t\t\t<div class=\"elementor-cta\">\n\t\t\t\t\t<div class=\"elementor-cta__bg-wrapper\">\n\t\t\t\t<div class=\"elementor-cta__bg elementor-bg\" style=\"background-image: url(https:\/\/scandishstudio.se\/wp-content\/uploads\/2023\/09\/IMG_0734.jpeg);\" role=\"img\" aria-label=\"IMG_0734\"><\/div>\n\t\t\t\t<div class=\"elementor-cta__bg-overlay\"><\/div>\n\t\t\t<\/div>\n\t\t\t\t\t\t\t<div class=\"elementor-cta__content\">\n\t\t\t\t\n\t\t\t\t\t\t\t\t\t<h2 class=\"elementor-cta__title elementor-cta__content-item elementor-content-item elementor-animated-item--enter-from-bottom\">\n\t\t\t\t\t\tLugnt och fridfullt sovrum inredning\t\t\t\t\t<\/h2>\n\t\t\t\t\n\t\t\t\t\t\t\t\t\t<div class=\"elementor-cta__description elementor-cta__content-item elementor-content-item elementor-animated-item--enter-from-bottom\">\n\t\t\t\t\t\tEn lugn sovrum \u00e4r en avslappnande fristad d\u00e4r du kan fly fr\u00e5n daglig stress. Med mjuk belysning och mysiga lakan fr\u00e4mjar det avkopplande s\u00f6mn. Minimal r\u00f6ra och d\u00e4mpade f\u00e4rger skapar en lugnande atmosf\u00e4r, vilket g\u00f6r det till en oas f\u00f6r vila och f\u00f6rnyelse.\t\t\t\t\t<\/div>\n\t\t\t\t\n\t\t\t\t\t\t\t<\/div>\n\t\t\t\t\t\t<\/div>\n\t\t\t\t\t\t<\/div>\n\t\t\t\t<\/div>\n\t\t\t\t<div class=\"elementor-element elementor-element-5dbdde6 elementor-cta--skin-cover elementor-cta--valign-bottom elementor-widget__width-initial elementor-animated-content elementor-bg-transform elementor-bg-transform-zoom-in elementor-widget elementor-widget-call-to-action\" data-id=\"5dbdde6\" data-element_type=\"widget\" data-e-type=\"widget\" data-widget_type=\"call-to-action.default\">\n\t\t\t\t<div class=\"elementor-widget-container\">\n\t\t\t\t\t\t\t<div class=\"elementor-cta\">\n\t\t\t\t\t<div class=\"elementor-cta__bg-wrapper\">\n\t\t\t\t<div class=\"elementor-cta__bg elementor-bg\" style=\"background-image: url(https:\/\/scandishstudio.se\/wp-content\/uploads\/2023\/09\/Leefkeuken-van-warm-bamboe-1.jpeg);\" role=\"img\" aria-label=\"Leefkeuken van warm bamboe (1)\"><\/div>\n\t\t\t\t<div class=\"elementor-cta__bg-overlay\"><\/div>\n\t\t\t<\/div>\n\t\t\t\t\t\t\t<div class=\"elementor-cta__content\">\n\t\t\t\t\n\t\t\t\t\t\t\t\t\t<h2 class=\"elementor-cta__title elementor-cta__content-item elementor-content-item elementor-animated-item--enter-from-bottom\">\n\t\t\t\t\t\tSkandinavisk k\u00f6ksdesign\t\t\t\t\t<\/h2>\n\t\t\t\t\n\t\t\t\t\t\t\t\t\t<div class=\"elementor-cta__description elementor-cta__content-item elementor-content-item elementor-animated-item--enter-from-bottom\">\n\t\t\t\t\t\tDen skandinaviska k\u00f6ksstilen \u00e4r inspirerad av de nordiska l\u00e4nderna, d\u00e4r klimatet \u00e4r kallt och dagarna \u00e4r korta. D\u00e4rf\u00f6r beh\u00f6ver interi\u00f6ren vara ljus, mysig och effektiv. Den skandinaviska k\u00f6ksstilen kombinerar enkelhet, funktionalitet och naturlig sk\u00f6nhet.\t\t\t\t\t<\/div>\n\t\t\t\t\n\t\t\t\t\t\t\t<\/div>\n\t\t\t\t\t\t<\/div>\n\t\t\t\t\t\t<\/div>\n\t\t\t\t<\/div>\n\t\t\t\t<div class=\"elementor-element elementor-element-2912bcf elementor-cta--skin-cover elementor-cta--valign-bottom elementor-widget__width-initial elementor-animated-content elementor-bg-transform elementor-bg-transform-zoom-in elementor-widget elementor-widget-call-to-action\" data-id=\"2912bcf\" data-element_type=\"widget\" data-e-type=\"widget\" data-widget_type=\"call-to-action.default\">\n\t\t\t\t<div class=\"elementor-widget-container\">\n\t\t\t\t\t\t\t<div class=\"elementor-cta\">\n\t\t\t\t\t<div class=\"elementor-cta__bg-wrapper\">\n\t\t\t\t<div class=\"elementor-cta__bg elementor-bg\" style=\"background-image: url(https:\/\/scandishstudio.se\/wp-content\/uploads\/2023\/09\/download-1.jpeg);\" role=\"img\" aria-label=\"download (1)\"><\/div>\n\t\t\t\t<div class=\"elementor-cta__bg-overlay\"><\/div>\n\t\t\t<\/div>\n\t\t\t\t\t\t\t<div class=\"elementor-cta__content\">\n\t\t\t\t\n\t\t\t\t\t\t\t\t\t<h2 class=\"elementor-cta__title elementor-cta__content-item elementor-content-item elementor-animated-item--enter-from-bottom\">\n\t\t\t\t\t\tModernt och mysigt vardagsrum\t\t\t\t\t<\/h2>\n\t\t\t\t\n\t\t\t\t\t\t\t\t\t<div class=\"elementor-cta__description elementor-cta__content-item elementor-content-item elementor-animated-item--enter-from-bottom\">\n\t\t\t\t\t\tEn modern och mysig vardagsrum \u00e4r en plats som kombinerar slimmad och minimalistisk design med varma och bekv\u00e4ma element. Det \u00e4r en plats d\u00e4r du kan koppla av, umg\u00e5s och njuta av din tid hemma.\t\t\t\t\t<\/div>\n\t\t\t\t\n\t\t\t\t\t\t\t<\/div>\n\t\t\t\t\t\t<\/div>\n\t\t\t\t\t\t<\/div>\n\t\t\t\t<\/div>\n\t\t\t\t<div class=\"elementor-element elementor-element-055384e elementor-cta--skin-cover elementor-cta--valign-bottom elementor-widget__width-initial elementor-animated-content elementor-bg-transform elementor-bg-transform-zoom-in elementor-widget elementor-widget-call-to-action\" data-id=\"055384e\" data-element_type=\"widget\" data-e-type=\"widget\" data-widget_type=\"call-to-action.default\">\n\t\t\t\t<div class=\"elementor-widget-container\">\n\t\t\t\t\t\t\t<div class=\"elementor-cta\">\n\t\t\t\t\t<div class=\"elementor-cta__bg-wrapper\">\n\t\t\t\t<div class=\"elementor-cta__bg elementor-bg\" style=\"background-image: url(https:\/\/scandishstudio.se\/wp-content\/uploads\/2023\/09\/3ec6446d-aed1-4a1e-940b-fe82779afd8b.jpeg);\" role=\"img\" aria-label=\"3ec6446d-aed1-4a1e-940b-fe82779afd8b\"><\/div>\n\t\t\t\t<div class=\"elementor-cta__bg-overlay\"><\/div>\n\t\t\t<\/div>\n\t\t\t\t\t\t\t<div class=\"elementor-cta__content\">\n\t\t\t\t\n\t\t\t\t\t\t\t\t\t<h2 class=\"elementor-cta__title elementor-cta__content-item elementor-content-item elementor-animated-item--enter-from-bottom\">\n\t\t\t\t\t\tVintage inredningsdesign\t\t\t\t\t<\/h2>\n\t\t\t\t\n\t\t\t\t\t\t\t\t\t<div class=\"elementor-cta__description elementor-cta__content-item elementor-content-item elementor-animated-item--enter-from-bottom\">\n\t\t\t\t\t\tCharmen och elegansen fr\u00e5n f\u00f6rr firas inom vintageinteri\u00f6r, en stil som inspireras av olika historiska perioder, som Victoria, Art Deco, Mid-Century Modern och industriella eror. Inredningen och m\u00f6blerna fr\u00e5n dessa perioder anv\u00e4nds f\u00f6r att skapa en mysig, nostalgisk och unik atmosf\u00e4r i vilket rum som helst.\t\t\t\t\t<\/div>\n\t\t\t\t\n\t\t\t\t\t\t\t<\/div>\n\t\t\t\t\t\t<\/div>\n\t\t\t\t\t\t<\/div>\n\t\t\t\t<\/div>\n\t\t\t\t\t<\/div>\n\t\t<\/div>\n\t\t\t\t<div class=\"elementor-column elementor-col-50 elementor-top-column elementor-element elementor-element-1594e07\" data-id=\"1594e07\" data-element_type=\"column\" data-e-type=\"column\">\n\t\t\t<div class=\"elementor-widget-wrap elementor-element-populated\">\n\t\t\t\t\t\t<div class=\"elementor-element elementor-element-8f9e1f3 elementor-cta--skin-cover elementor-cta--valign-bottom elementor-animated-content elementor-bg-transform elementor-bg-transform-zoom-in elementor-widget elementor-widget-call-to-action\" data-id=\"8f9e1f3\" data-element_type=\"widget\" data-e-type=\"widget\" data-widget_type=\"call-to-action.default\">\n\t\t\t\t<div class=\"elementor-widget-container\">\n\t\t\t\t\t\t\t<div class=\"elementor-cta\">\n\t\t\t\t\t<div class=\"elementor-cta__bg-wrapper\">\n\t\t\t\t<div class=\"elementor-cta__bg elementor-bg\" style=\"background-image: url(https:\/\/scandishstudio.se\/wp-content\/uploads\/2023\/09\/STYLING-_-Net-als-in-Lissabon-vrolijke-tegeltjes-in-huis-WonenCo.jpeg);\" role=\"img\" aria-label=\"STYLING _ Net als in Lissabon, vrolijke tegeltjes in huis - Wonen&amp;Co\"><\/div>\n\t\t\t\t<div class=\"elementor-cta__bg-overlay\"><\/div>\n\t\t\t<\/div>\n\t\t\t\t\t\t\t<div class=\"elementor-cta__content\">\n\t\t\t\t\n\t\t\t\t\t\t\t\t\t<h2 class=\"elementor-cta__title elementor-cta__content-item elementor-content-item elementor-animated-item--enter-from-bottom\">\n\t\t\t\t\t\tElegant badrum\t\t\t\t\t<\/h2>\n\t\t\t\t\n\t\t\t\t\t\t\t\t\t<div class=\"elementor-cta__description elementor-cta__content-item elementor-content-item elementor-animated-item--enter-from-bottom\">\n\t\t\t\t\t\tEn unik och elegant yta skapas genom att kombinera moderna och klassiska element i en design med en vintage-sk\u00e5p i ett stilrent badrum. Det vintage-sk\u00e5pet kompletterar de samtida armaturerna och tillbeh\u00f6ren, samtidigt som det ocks\u00e5 l\u00e4gger till karakt\u00e4r, charm och f\u00f6rvaring i ditt badrum.\t\t\t\t\t<\/div>\n\t\t\t\t\n\t\t\t\t\t\t\t<\/div>\n\t\t\t\t\t\t<\/div>\n\t\t\t\t\t\t<\/div>\n\t\t\t\t<\/div>\n\t\t\t\t\t<\/div>\n\t\t<\/div>\n\t\t\t\t\t<\/div>\n\t\t<\/section>\n\t\t\t\t<\/div>\n\t\t","protected":false},"excerpt":{"rendered":"<p>Lugnt och fridfullt sovrum inredning En lugn sovrum \u00e4r en avslappnande fristad d\u00e4r du kan fly fr\u00e5n daglig stress. Med mjuk belysning och mysiga lakan fr\u00e4mjar det avkopplande s\u00f6mn. Minimal r\u00f6ra och d\u00e4mpade f\u00e4rger skapar en lugnande atmosf\u00e4r, vilket g\u00f6r det till en oas f\u00f6r vila och f\u00f6rnyelse. Skandinavisk k\u00f6ksdesign Den skandinaviska k\u00f6ksstilen \u00e4r inspirerad&hellip; <a class=\"more-link\" href=\"https:\/\/scandishstudio.se\/index.php\/sv\/min-stil\/\">Continue reading <span class=\"screen-reader-text\">Min stil<\/span><\/a><\/p>\n","protected":false},"author":1,"featured_media":0,"parent":0,"menu_order":0,"comment_status":"closed","ping_status":"closed","template":"elementor_header_footer","meta":{"footnotes":""},"class_list":["post-1108","page","type-page","status-publish","hentry","entry"],"_links":{"self":[{"href":"https:\/\/scandishstudio.se\/index.php\/wp-json\/wp\/v2\/pages\/1108"}],"collection":[{"href":"https:\/\/scandishstudio.se\/index.php\/wp-json\/wp\/v2\/pages"}],"about":[{"href":"https:\/\/scandishstudio.se\/index.php\/wp-json\/wp\/v2\/types\/page"}],"author":[{"embeddable":true,"href":"https:\/\/scandishstudio.se\/index.php\/wp-json\/wp\/v2\/users\/1"}],"replies":[{"embeddable":true,"href":"https:\/\/scandishstudio.se\/index.php\/wp-json\/wp\/v2\/comments?post=1108"}],"version-history":[{"count":4,"href":"https:\/\/scandishstudio.se\/index.php\/wp-json\/wp\/v2\/pages\/1108\/revisions"}],"predecessor-version":[{"id":1112,"href":"https:\/\/scandishstudio.se\/index.php\/wp-json\/wp\/v2\/pages\/1108\/revisions\/1112"}],"wp:attachment":[{"href":"https:\/\/scandishstudio.se\/index.php\/wp-json\/wp\/v2\/media?parent=1108"}],"curies":[{"name":"wp","href":"https:\/\/api.w.org\/{rel}","templated":true}]}}