{"id":1004,"date":"2023-10-17T11:52:00","date_gmt":"2023-10-17T09:52:00","guid":{"rendered":"https:\/\/scandishstudio.se\/?page_id=1004"},"modified":"2023-10-21T18:03:40","modified_gmt":"2023-10-21T16:03:40","slug":"om-mig","status":"publish","type":"page","link":"https:\/\/scandishstudio.se\/index.php\/sv\/om-mig\/","title":{"rendered":"Om mig"},"content":{"rendered":"\t\t<div data-elementor-type=\"wp-page\" data-elementor-id=\"1004\" class=\"elementor elementor-1004\" data-elementor-post-type=\"page\">\n\t\t\t\t\t\t<section class=\"elementor-section elementor-top-section elementor-element elementor-element-5a89f293 elementor-section-full_width elementor-section-height-default elementor-section-height-default\" data-id=\"5a89f293\" data-element_type=\"section\" data-e-type=\"section\" data-settings=\"{&quot;background_background&quot;:&quot;classic&quot;}\">\n\t\t\t\t\t\t\t<div class=\"elementor-background-overlay\"><\/div>\n\t\t\t\t\t\t\t<div class=\"elementor-container elementor-column-gap-no\">\n\t\t\t\t\t<div class=\"elementor-column elementor-col-100 elementor-top-column elementor-element elementor-element-78253733\" data-id=\"78253733\" data-element_type=\"column\" data-e-type=\"column\">\n\t\t\t<div class=\"elementor-widget-wrap elementor-element-populated\">\n\t\t\t\t\t\t<div class=\"elementor-element elementor-element-101526b5 elementor-widget elementor-widget-template\" data-id=\"101526b5\" data-element_type=\"widget\" data-e-type=\"widget\" data-widget_type=\"template.default\">\n\t\t\t\t<div class=\"elementor-widget-container\">\n\t\t\t\t\t\t\t<div class=\"elementor-template\">\n\t\t\t\t\t<div data-elementor-type=\"section\" data-elementor-id=\"65\" class=\"elementor elementor-65\" data-elementor-post-type=\"elementor_library\">\n\t\t\t\t\t<section class=\"elementor-section elementor-top-section elementor-element elementor-element-610c7fb6 elementor-section-height-min-height elementor-section-items-top elementor-section-boxed elementor-section-height-default\" data-id=\"610c7fb6\" data-element_type=\"section\" data-e-type=\"section\" data-settings=\"{&quot;background_background&quot;:&quot;classic&quot;}\">\n\t\t\t\t\t\t<div class=\"elementor-container elementor-column-gap-wider\">\n\t\t\t\t\t<div class=\"elementor-column elementor-col-100 elementor-top-column elementor-element elementor-element-4a98410a\" data-id=\"4a98410a\" data-element_type=\"column\" data-e-type=\"column\">\n\t\t\t<div class=\"elementor-widget-wrap elementor-element-populated\">\n\t\t\t\t\t\t<div class=\"elementor-element elementor-element-3b659411 elementor-view-default elementor-widget elementor-widget-icon\" data-id=\"3b659411\" data-element_type=\"widget\" data-e-type=\"widget\" data-widget_type=\"icon.default\">\n\t\t\t\t<div class=\"elementor-widget-container\">\n\t\t\t\t\t\t\t<div class=\"elementor-icon-wrapper\">\n\t\t\t<a class=\"elementor-icon\" href=\"#down\">\n\t\t\t<svg xmlns=\"http:\/\/www.w3.org\/2000\/svg\" xmlns:xlink=\"http:\/\/www.w3.org\/1999\/xlink\" xmlns:serif=\"http:\/\/www.serif.com\/\" width=\"100%\" height=\"100%\" viewBox=\"0 0 14 8\" xml:space=\"preserve\" style=\"fill-rule:evenodd;clip-rule:evenodd;stroke-linejoin:round;stroke-miterlimit:2;\">    <g transform=\"matrix(1,0,0,1,-39,-15)\">        <g>            <path d=\"M39.646,16.354L45.646,22.354C45.842,22.549 46.158,22.549 46.354,22.354L52.354,16.354C52.549,16.158 52.549,15.842 52.354,15.646C52.158,15.451 51.842,15.451 51.646,15.646L46,21.293C46,21.293 40.354,15.646 40.354,15.646C40.158,15.451 39.842,15.451 39.646,15.646C39.451,15.842 39.451,16.158 39.646,16.354Z\"><\/path>        <\/g>    <\/g><\/svg>\t\t\t<\/a>\n\t\t<\/div>\n\t\t\t\t\t\t<\/div>\n\t\t\t\t<\/div>\n\t\t\t\t<div class=\"elementor-element elementor-element-67095f49 elementor-fixed elementor-widget elementor-widget-menu-anchor\" data-id=\"67095f49\" data-element_type=\"widget\" data-e-type=\"widget\" data-settings=\"{&quot;_position&quot;:&quot;fixed&quot;}\" data-widget_type=\"menu-anchor.default\">\n\t\t\t\t<div class=\"elementor-widget-container\">\n\t\t\t\t\t\t\t<div class=\"elementor-menu-anchor\" id=\"down\"><\/div>\n\t\t\t\t\t\t<\/div>\n\t\t\t\t<\/div>\n\t\t\t\t\t<\/div>\n\t\t<\/div>\n\t\t\t\t\t<\/div>\n\t\t<\/section>\n\t\t<div class=\"elementor-element elementor-element-07655d8 e-flex e-con-boxed e-con e-parent\" data-id=\"07655d8\" data-element_type=\"container\" data-e-type=\"container\">\n\t\t\t\t\t<div class=\"e-con-inner\">\n\t\t\t\t\t<\/div>\n\t\t\t\t<\/div>\n\t\t<div class=\"elementor-element elementor-element-3569a25 e-flex e-con-boxed e-con e-parent\" data-id=\"3569a25\" data-element_type=\"container\" data-e-type=\"container\">\n\t\t\t\t\t<div class=\"e-con-inner\">\n\t\t\t\t\t<\/div>\n\t\t\t\t<\/div>\n\t\t\t\t<\/div>\n\t\t\t\t<\/div>\n\t\t\t\t\t\t<\/div>\n\t\t\t\t<\/div>\n\t\t\t\t\t<\/div>\n\t\t<\/div>\n\t\t\t\t\t<\/div>\n\t\t<\/section>\n\t\t\t\t<section class=\"elementor-section elementor-top-section elementor-element elementor-element-5679be46 elementor-reverse-mobile elementor-reverse-tablet elementor-section-boxed elementor-section-height-default elementor-section-height-default\" data-id=\"5679be46\" data-element_type=\"section\" data-e-type=\"section\" data-settings=\"{&quot;background_background&quot;:&quot;classic&quot;}\">\n\t\t\t\t\t\t<div class=\"elementor-container elementor-column-gap-wider\">\n\t\t\t\t\t<div class=\"elementor-column elementor-col-50 elementor-top-column elementor-element elementor-element-375c9a4f\" data-id=\"375c9a4f\" data-element_type=\"column\" data-e-type=\"column\">\n\t\t\t<div class=\"elementor-widget-wrap elementor-element-populated\">\n\t\t\t\t\t\t<div class=\"elementor-element elementor-element-1c36ab03 elementor-widget__width-initial elementor-widget elementor-widget-image\" data-id=\"1c36ab03\" data-element_type=\"widget\" data-e-type=\"widget\" data-widget_type=\"image.default\">\n\t\t\t\t<div class=\"elementor-widget-container\">\n\t\t\t\t\t\t\t\t\t\t\t\t\t\t\t<img fetchpriority=\"high\" decoding=\"async\" width=\"528\" height=\"960\" src=\"https:\/\/scandishstudio.se\/wp-content\/uploads\/2023\/09\/Ilona-schommel2.jpg\" class=\"attachment-full size-full wp-image-821\" alt=\"\" srcset=\"https:\/\/scandishstudio.se\/wp-content\/uploads\/2023\/09\/Ilona-schommel2.jpg 528w, https:\/\/scandishstudio.se\/wp-content\/uploads\/2023\/09\/Ilona-schommel2-165x300.jpg 165w\" sizes=\"(max-width: 528px) 100vw, 528px\" style=\"width:100%;height:181.82%;max-width:528px\" \/>\t\t\t\t\t\t\t\t\t\t\t\t\t\t\t<\/div>\n\t\t\t\t<\/div>\n\t\t\t\t\t<\/div>\n\t\t<\/div>\n\t\t\t\t<div class=\"elementor-column elementor-col-50 elementor-top-column elementor-element elementor-element-1d663ff\" data-id=\"1d663ff\" data-element_type=\"column\" data-e-type=\"column\">\n\t\t\t<div class=\"elementor-widget-wrap elementor-element-populated\">\n\t\t\t\t\t\t<div class=\"elementor-element elementor-element-5a1389d6 elementor-widget elementor-widget-heading\" data-id=\"5a1389d6\" data-element_type=\"widget\" data-e-type=\"widget\" data-widget_type=\"heading.default\">\n\t\t\t\t<div class=\"elementor-widget-container\">\n\t\t\t\t\t<h2 class=\"elementor-heading-title elementor-size-default\">Vem \u00e4r jag?<\/h2>\t\t\t\t<\/div>\n\t\t\t\t<\/div>\n\t\t\t\t<div class=\"elementor-element elementor-element-43cf5ebb elementor-widget elementor-widget-text-editor\" data-id=\"43cf5ebb\" data-element_type=\"widget\" data-e-type=\"widget\" data-widget_type=\"text-editor.default\">\n\t\t\t\t<div class=\"elementor-widget-container\">\n\t\t\t\t\t\t\t\t\tHej, mitt namn \u00e4r Ilona och jag \u00e4r glad att dela med mig av att inredning har intresserat mig sedan barndomen. Med erfarenhet och passion f\u00f6r b\u00e5de inredningsstyling och hemorganisering \u00e4r det en dr\u00f6m som g\u00e5r i uppfyllelse att kunna f\u00f6lja en karri\u00e4r som utnyttjar dessa f\u00e4rdigheter. H\u00e5llbarhet och tidl\u00f6shet \u00e4r h\u00f6gst upp p\u00e5 mina prioriteringar, vilket \u00e4r varf\u00f6r jag \u00e4r ben\u00e4gen att ha vintage och h\u00f6gkvalitativ m\u00f6bler som kommer att h\u00e5lla i m\u00e5nga \u00e5r fram\u00f6ver. Min estetiska preferens \u00e4r f\u00f6r neutrala f\u00e4rger och naturliga material som utstr\u00e5lar stillhet och en k\u00e4nsla av naturlig sk\u00f6nhet. Mitt m\u00e5l \u00e4r att f\u00f6rvandla interi\u00f6rer till en plats som speglar individens eller familjens personlighet och karakt\u00e4r. Jag \u00e4r engagerad i att skapa funktionella och harmoniska utrymmen som v\u00e4cker en k\u00e4nsla av komfort och v\u00e4rme samtidigt som de \u00e4r estetiskt tilltalande.\t\t\t\t\t\t\t\t<\/div>\n\t\t\t\t<\/div>\n\t\t\t\t<div class=\"elementor-element elementor-element-2340bb02 elementor-widget elementor-widget-heading\" data-id=\"2340bb02\" data-element_type=\"widget\" data-e-type=\"widget\" data-widget_type=\"heading.default\">\n\t\t\t\t<div class=\"elementor-widget-container\">\n\t\t\t\t\t<span class=\"elementor-heading-title elementor-size-default\"><br>Ilona Vesters<\/span>\t\t\t\t<\/div>\n\t\t\t\t<\/div>\n\t\t\t\t\t<\/div>\n\t\t<\/div>\n\t\t\t\t\t<\/div>\n\t\t<\/section>\n\t\t\t\t<\/div>\n\t\t","protected":false},"excerpt":{"rendered":"<p>Vem \u00e4r jag? Hej, mitt namn \u00e4r Ilona och jag \u00e4r glad att dela med mig av att inredning har intresserat mig sedan barndomen. Med erfarenhet och passion f\u00f6r b\u00e5de inredningsstyling och hemorganisering \u00e4r det en dr\u00f6m som g\u00e5r i uppfyllelse att kunna f\u00f6lja en karri\u00e4r som utnyttjar dessa f\u00e4rdigheter. H\u00e5llbarhet och tidl\u00f6shet \u00e4r h\u00f6gst&hellip; <a class=\"more-link\" href=\"https:\/\/scandishstudio.se\/index.php\/sv\/om-mig\/\">Continue reading <span class=\"screen-reader-text\">Om mig<\/span><\/a><\/p>\n","protected":false},"author":1,"featured_media":0,"parent":0,"menu_order":0,"comment_status":"closed","ping_status":"closed","template":"elementor_header_footer","meta":{"footnotes":""},"class_list":["post-1004","page","type-page","status-publish","hentry","entry"],"_links":{"self":[{"href":"https:\/\/scandishstudio.se\/index.php\/wp-json\/wp\/v2\/pages\/1004"}],"collection":[{"href":"https:\/\/scandishstudio.se\/index.php\/wp-json\/wp\/v2\/pages"}],"about":[{"href":"https:\/\/scandishstudio.se\/index.php\/wp-json\/wp\/v2\/types\/page"}],"author":[{"embeddable":true,"href":"https:\/\/scandishstudio.se\/index.php\/wp-json\/wp\/v2\/users\/1"}],"replies":[{"embeddable":true,"href":"https:\/\/scandishstudio.se\/index.php\/wp-json\/wp\/v2\/comments?post=1004"}],"version-history":[{"count":4,"href":"https:\/\/scandishstudio.se\/index.php\/wp-json\/wp\/v2\/pages\/1004\/revisions"}],"predecessor-version":[{"id":1008,"href":"https:\/\/scandishstudio.se\/index.php\/wp-json\/wp\/v2\/pages\/1004\/revisions\/1008"}],"wp:attachment":[{"href":"https:\/\/scandishstudio.se\/index.php\/wp-json\/wp\/v2\/media?parent=1004"}],"curies":[{"name":"wp","href":"https:\/\/api.w.org\/{rel}","templated":true}]}}